{"id":37,"date":"2022-09-07T13:59:46","date_gmt":"2022-09-07T13:59:46","guid":{"rendered":"https:\/\/yllera5punto5contraelcancer.grupoyllera.com\/?page_id=37"},"modified":"2025-10-01T11:42:41","modified_gmt":"2025-10-01T11:42:41","slug":"yllera-5punto5-contra-el-cancer","status":"publish","type":"page","link":"https:\/\/yllera5punto5contraelcancer.grupoyllera.com\/","title":{"rendered":"Yllera 5punto5 contra el cancer"},"content":{"rendered":"\t\t<div data-elementor-type=\"wp-page\" data-elementor-id=\"37\" class=\"elementor elementor-37\">\n\t\t\t\t\t\t<section class=\"elementor-section elementor-top-section elementor-element elementor-element-b6e7274 elementor-section-full_width elementor-section-height-default elementor-section-height-default\" data-id=\"b6e7274\" data-element_type=\"section\">\n\t\t\t\t\t\t<div class=\"elementor-container elementor-column-gap-default\">\n\t\t\t\t\t<div class=\"elementor-column elementor-col-100 elementor-top-column elementor-element elementor-element-e60abe8\" data-id=\"e60abe8\" data-element_type=\"column\">\n\t\t\t<div class=\"elementor-widget-wrap elementor-element-populated\">\n\t\t\t\t\t\t<div class=\"elementor-element elementor-element-314586f elementor--v-position-bottom elementor--h-position-center elementor-arrows-position-inside elementor-pagination-position-inside elementor-widget elementor-widget-slides\" data-id=\"314586f\" data-element_type=\"widget\" data-settings=\"{&quot;transition&quot;:&quot;fade&quot;,&quot;navigation&quot;:&quot;both&quot;,&quot;autoplay&quot;:&quot;yes&quot;,&quot;pause_on_hover&quot;:&quot;yes&quot;,&quot;pause_on_interaction&quot;:&quot;yes&quot;,&quot;autoplay_speed&quot;:5000,&quot;infinite&quot;:&quot;yes&quot;,&quot;transition_speed&quot;:500}\" data-widget_type=\"slides.default\">\n\t\t\t\t<div class=\"elementor-widget-container\">\n\t\t\t\t\t\t\t<div class=\"elementor-swiper\">\n\t\t\t<div class=\"elementor-slides-wrapper elementor-main-swiper swiper-container\" dir=\"ltr\" data-animation=\"fadeInUp\">\n\t\t\t\t<div class=\"swiper-wrapper elementor-slides\">\n\t\t\t\t\t\t\t\t\t\t<div class=\"elementor-repeater-item-44ab4a9 swiper-slide\"><div class=\"swiper-slide-bg elementor-ken-burns elementor-ken-burns--in\"><\/div><div class=\"elementor-background-overlay\"><\/div><div class=\"swiper-slide-inner\" ><div class=\"swiper-slide-contents\"><div class=\"elementor-slide-heading\"><h2 class=\"elementor-heading-title elementor-size-default\"><i aria-hidden=\"true\" class=\"fas fa-ribbon\"><\/i> Yllera 5punto5 contra el c\u00e1ncer <i aria-hidden=\"true\" class=\"fas fa-ribbon\"><\/i><\/h2><\/div><\/div><\/div><\/div><div class=\"elementor-repeater-item-81d5e20 swiper-slide\"><div class=\"swiper-slide-bg elementor-ken-burns elementor-ken-burns--in\"><\/div><div class=\"elementor-background-overlay\"><\/div><div class=\"swiper-slide-inner\" ><div class=\"swiper-slide-contents\"><div class=\"elementor-slide-heading\"><h2 class=\"elementor-heading-title elementor-size-default\"><i aria-hidden=\"true\" class=\"fas fa-ribbon\"><\/i> Yllera 5punto5 contra el c\u00e1ncer <i aria-hidden=\"true\" class=\"fas fa-ribbon\"><\/i><\/h2><\/div><\/div><\/div><\/div><div class=\"elementor-repeater-item-9b33f17 swiper-slide\"><div class=\"swiper-slide-bg elementor-ken-burns elementor-ken-burns--in\"><\/div><div class=\"elementor-background-overlay\"><\/div><div class=\"swiper-slide-inner\" ><div class=\"swiper-slide-contents\"><div class=\"elementor-slide-heading\"><h2 class=\"elementor-heading-title elementor-size-default\"><i aria-hidden=\"true\" class=\"fas fa-ribbon\"><\/i> Yllera 5punto5 contra el c\u00e1ncer <i aria-hidden=\"true\" class=\"fas fa-ribbon\"><\/i><\/h2><\/div><\/div><\/div><\/div>\t\t\t\t<\/div>\n\t\t\t\t\t\t\t\t\t\t\t\t\t\t\t<div class=\"swiper-pagination\"><\/div>\n\t\t\t\t\t\t\t\t\t\t\t\t\t\t\t\t<div class=\"elementor-swiper-button elementor-swiper-button-prev\">\n\t\t\t\t\t\t\t<i aria-hidden=\"true\" class=\"eicon-chevron-left\"><\/i>\t\t\t\t\t\t\t<span class=\"elementor-screen-only\">Anterior<\/span>\n\t\t\t\t\t\t<\/div>\n\t\t\t\t\t\t<div class=\"elementor-swiper-button elementor-swiper-button-next\">\n\t\t\t\t\t\t\t<i aria-hidden=\"true\" class=\"eicon-chevron-right\"><\/i>\t\t\t\t\t\t\t<span class=\"elementor-screen-only\">Siguiente<\/span>\n\t\t\t\t\t\t<\/div>\n\t\t\t\t\t\t\t\t\t\t\t\t<\/div>\n\t\t<\/div>\n\t\t\t\t\t\t<\/div>\n\t\t\t\t<\/div>\n\t\t\t\t\t<\/div>\n\t\t<\/div>\n\t\t\t\t\t<\/div>\n\t\t<\/section>\n\t\t\t\t<section class=\"elementor-section elementor-top-section elementor-element elementor-element-604e44b elementor-section-boxed elementor-section-height-default elementor-section-height-default\" data-id=\"604e44b\" data-element_type=\"section\">\n\t\t\t\t\t\t<div class=\"elementor-container elementor-column-gap-default\">\n\t\t\t\t\t<div class=\"elementor-column elementor-col-100 elementor-top-column elementor-element elementor-element-4ad84f7\" data-id=\"4ad84f7\" data-element_type=\"column\">\n\t\t\t<div class=\"elementor-widget-wrap elementor-element-populated\">\n\t\t\t\t\t\t<div class=\"elementor-element elementor-element-7117437 elementor-widget elementor-widget-heading\" data-id=\"7117437\" data-element_type=\"widget\" data-widget_type=\"heading.default\">\n\t\t\t\t<div class=\"elementor-widget-container\">\n\t\t\t\t\t<h1 class=\"elementor-heading-title elementor-size-xxl\">Yllera 5.5 Contra el C\u00e1ncer de Mama<\/h1>\t\t\t\t<\/div>\n\t\t\t\t<\/div>\n\t\t\t\t\t<\/div>\n\t\t<\/div>\n\t\t\t\t\t<\/div>\n\t\t<\/section>\n\t\t\t\t<section class=\"elementor-section elementor-top-section elementor-element elementor-element-7e252d7 elementor-section-content-middle elementor-reverse-mobile elementor-section-boxed elementor-section-height-default elementor-section-height-default\" data-id=\"7e252d7\" data-element_type=\"section\">\n\t\t\t\t\t\t<div class=\"elementor-container elementor-column-gap-no\">\n\t\t\t\t\t<div class=\"elementor-column elementor-col-100 elementor-top-column elementor-element elementor-element-eb200b7\" data-id=\"eb200b7\" data-element_type=\"column\">\n\t\t\t<div class=\"elementor-widget-wrap elementor-element-populated\">\n\t\t\t\t\t\t<div class=\"elementor-element elementor-element-767b7e9 elementor-widget elementor-widget-text-editor\" data-id=\"767b7e9\" data-element_type=\"widget\" data-widget_type=\"text-editor.default\">\n\t\t\t\t<div class=\"elementor-widget-container\">\n\t\t\t\t\t\t\t\t\t<p>En Yllera Bodegas &amp; Vi\u00f1edos nos implicamos en el fomento de h\u00e1bitos de vida saludables entre los consumidores. Por tercer a\u00f1o consecutivo, lanzamos nuestra campa\u00f1a Yllera Contra el C\u00e1ncer dedicada a concienciar sobre la importancia de la prevenci\u00f3n en el c\u00e1ncer de mama.<\/p>\t\t\t\t\t\t\t\t<\/div>\n\t\t\t\t<\/div>\n\t\t\t\t\t<\/div>\n\t\t<\/div>\n\t\t\t\t\t<\/div>\n\t\t<\/section>\n\t\t\t\t<section class=\"elementor-section elementor-top-section elementor-element elementor-element-5ef60aac elementor-section-content-middle elementor-reverse-mobile elementor-section-boxed elementor-section-height-default elementor-section-height-default\" data-id=\"5ef60aac\" data-element_type=\"section\">\n\t\t\t\t\t\t<div class=\"elementor-container elementor-column-gap-no\">\n\t\t\t\t\t<div class=\"elementor-column elementor-col-50 elementor-top-column elementor-element elementor-element-49f29a73\" data-id=\"49f29a73\" data-element_type=\"column\">\n\t\t\t<div class=\"elementor-widget-wrap elementor-element-populated\">\n\t\t\t\t\t\t<div class=\"elementor-element elementor-element-5a41df46 elementor-widget elementor-widget-heading\" data-id=\"5a41df46\" data-element_type=\"widget\" data-widget_type=\"heading.default\">\n\t\t\t\t<div class=\"elementor-widget-container\">\n\t\t\t\t\t<h3 class=\"elementor-heading-title elementor-size-default\">Durante los meses de septiembre y octubre la bodega promueve la concienciaci\u00f3n sobre la importancia de la prevenci\u00f3n del c\u00e1ncer con una campa\u00f1a especial<\/h3>\t\t\t\t<\/div>\n\t\t\t\t<\/div>\n\t\t\t\t<div class=\"elementor-element elementor-element-6de63048 elementor-widget elementor-widget-text-editor\" data-id=\"6de63048\" data-element_type=\"widget\" data-widget_type=\"text-editor.default\">\n\t\t\t\t<div class=\"elementor-widget-container\">\n\t\t\t\t\t\t\t\t\t<p>Durante las pr\u00f3ximas semanas, Yllera conmemorar\u00e1 la fecha del 19 de octubre, d\u00eda del c\u00e1ncer de mama, con una edici\u00f3n especial de su frizzante Yllera 5.5 blanco. Las botellas de esta edici\u00f3n limitada incluyen un c\u00f3digo QR que lleva a esta web; un espacio dedicado a fomentar la concienciaci\u00f3n sobre la importancia de la prevenci\u00f3n en el desarrollo del c\u00e1ncer. Igualmente, en de las redes sociales de la bodega, los usuarios podr\u00e1n encontrar informaci\u00f3n sobre h\u00e1bitos de vida saludables importantes para prevenir el c\u00e1ncer, siguiendo las directrices de las instituciones especializadas.<\/p>\t\t\t\t\t\t\t\t<\/div>\n\t\t\t\t<\/div>\n\t\t\t\t<div class=\"elementor-element elementor-element-72e5b09 elementor-align-center elementor-mobile-align-center elementor-widget elementor-widget-button\" data-id=\"72e5b09\" data-element_type=\"widget\" data-widget_type=\"button.default\">\n\t\t\t\t<div class=\"elementor-widget-container\">\n\t\t\t\t\t\t\t\t\t<div class=\"elementor-button-wrapper\">\n\t\t\t\t\t<a class=\"elementor-button elementor-button-link elementor-size-sm\" href=\"https:\/\/www.grupoyllera.com\/saladeprensa\/noticias\/Apoyando-la-prevencion-e-investigacion-del-cancer-de-mama-desde-Yllera\/\">\n\t\t\t\t\t\t<span class=\"elementor-button-content-wrapper\">\n\t\t\t\t\t\t\t\t\t<span class=\"elementor-button-text\">Leer m\u00e1s<\/span>\n\t\t\t\t\t<\/span>\n\t\t\t\t\t<\/a>\n\t\t\t\t<\/div>\n\t\t\t\t\t\t\t\t<\/div>\n\t\t\t\t<\/div>\n\t\t\t\t\t<\/div>\n\t\t<\/div>\n\t\t\t\t<div class=\"elementor-column elementor-col-50 elementor-top-column elementor-element elementor-element-1c7461c3\" data-id=\"1c7461c3\" data-element_type=\"column\">\n\t\t\t<div class=\"elementor-widget-wrap elementor-element-populated\">\n\t\t\t\t\t\t<div class=\"elementor-element elementor-element-4b286aef elementor-widget elementor-widget-image\" data-id=\"4b286aef\" data-element_type=\"widget\" data-widget_type=\"image.default\">\n\t\t\t\t<div class=\"elementor-widget-container\">\n\t\t\t\t\t\t\t\t\t\t\t\t\t\t\t<img fetchpriority=\"high\" decoding=\"async\" width=\"1080\" height=\"1440\" src=\"https:\/\/yllera5punto5contraelcancer.grupoyllera.com\/wp-content\/uploads\/2022\/09\/IMG_8135.jpg\" class=\"attachment-full size-full wp-image-7\" alt=\"\" srcset=\"https:\/\/yllera5punto5contraelcancer.grupoyllera.com\/wp-content\/uploads\/2022\/09\/IMG_8135.jpg 1080w, https:\/\/yllera5punto5contraelcancer.grupoyllera.com\/wp-content\/uploads\/2022\/09\/IMG_8135-225x300.jpg 225w, https:\/\/yllera5punto5contraelcancer.grupoyllera.com\/wp-content\/uploads\/2022\/09\/IMG_8135-768x1024.jpg 768w\" sizes=\"(max-width: 1080px) 100vw, 1080px\" \/>\t\t\t\t\t\t\t\t\t\t\t\t\t\t\t<\/div>\n\t\t\t\t<\/div>\n\t\t\t\t\t<\/div>\n\t\t<\/div>\n\t\t\t\t\t<\/div>\n\t\t<\/section>\n\t\t\t\t<section class=\"elementor-section elementor-top-section elementor-element elementor-element-ee823a2 elementor-section-boxed elementor-section-height-default elementor-section-height-default\" data-id=\"ee823a2\" data-element_type=\"section\">\n\t\t\t\t\t\t<div class=\"elementor-container elementor-column-gap-default\">\n\t\t\t\t\t<div class=\"elementor-column elementor-col-100 elementor-top-column elementor-element elementor-element-a6f201d\" data-id=\"a6f201d\" data-element_type=\"column\">\n\t\t\t<div class=\"elementor-widget-wrap elementor-element-populated\">\n\t\t\t\t\t\t<div class=\"elementor-element elementor-element-22279a8 elementor-widget elementor-widget-heading\" data-id=\"22279a8\" data-element_type=\"widget\" data-widget_type=\"heading.default\">\n\t\t\t\t<div class=\"elementor-widget-container\">\n\t\t\t\t\t<h3 class=\"elementor-heading-title elementor-size-large\">El C\u00e1ncer de Mama en datos<\/h3>\t\t\t\t<\/div>\n\t\t\t\t<\/div>\n\t\t\t\t<div class=\"elementor-element elementor-element-5c5c7d4 elementor-widget elementor-widget-text-editor\" data-id=\"5c5c7d4\" data-element_type=\"widget\" data-widget_type=\"text-editor.default\">\n\t\t\t\t<div class=\"elementor-widget-container\">\n\t\t\t\t\t\t\t\t\t<ul><li>En 2020, 685.000 personas fallecieron por c\u00e1ncer de mama en todo el mundo.<\/li><li>Aproximadamente la mitad de todos los casos de c\u00e1ncer de mama afectan a mujeres que no tienen factores de riego espec\u00edficos aparte del sexo y la edad.<\/li><li>El c\u00e1ncer de mama se da en todos los pa\u00edses del mundo.<\/li><li>Aproximadamente entre el 0,5% y el 1% de los casos de c\u00e1ncer de mama afectan a hombres.<\/li><\/ul><p>(Fuente: OMS)<\/p>\t\t\t\t\t\t\t\t<\/div>\n\t\t\t\t<\/div>\n\t\t\t\t\t<\/div>\n\t\t<\/div>\n\t\t\t\t\t<\/div>\n\t\t<\/section>\n\t\t\t\t<section class=\"elementor-section elementor-top-section elementor-element elementor-element-16bd046 elementor-section-boxed elementor-section-height-default elementor-section-height-default\" data-id=\"16bd046\" data-element_type=\"section\">\n\t\t\t\t\t\t<div class=\"elementor-container elementor-column-gap-default\">\n\t\t\t\t\t<div class=\"elementor-column elementor-col-100 elementor-top-column elementor-element elementor-element-caaa47e\" data-id=\"caaa47e\" data-element_type=\"column\">\n\t\t\t<div class=\"elementor-widget-wrap elementor-element-populated\">\n\t\t\t\t\t\t<div class=\"elementor-element elementor-element-5127930 elementor-widget elementor-widget-heading\" data-id=\"5127930\" data-element_type=\"widget\" data-widget_type=\"heading.default\">\n\t\t\t\t<div class=\"elementor-widget-container\">\n\t\t\t\t\t<h3 class=\"elementor-heading-title elementor-size-large\">Las medidas de prevenci\u00f3n y sobre todo detecci\u00f3n son vitales, \u00a1prot\u00e9gete!<\/h3>\t\t\t\t<\/div>\n\t\t\t\t<\/div>\n\t\t\t\t<div class=\"elementor-element elementor-element-414564b elementor-widget elementor-widget-text-editor\" data-id=\"414564b\" data-element_type=\"widget\" data-widget_type=\"text-editor.default\">\n\t\t\t\t<div class=\"elementor-widget-container\">\n\t\t\t\t\t\t\t\t\t<ul><li>Llevar una dieta equilibrada y alta en fibra, con abundantes frutas como uvas y papaya; y verduras como br\u00f3coli, acelgas, espinacas, etc.\u00a0<\/li><li>Reducir el consumo de az\u00facares y grasas.<\/li><li>Realizar actividad f\u00edsica regularmente, al menos 30 minutos al d\u00eda.<\/li><li>Evitar el consumo de tabaco<\/li><li>Reducir el consumo de alcohol \u2013 Yllera Bodegas &amp; Vi\u00f1edos est\u00e1 adherida al programa\u00a0 <a href=\"https:\/\/www.wineinmoderation.eu\/es\/\">Wine in Moderation<\/a>\u00a0que promueve un consumo responsable.<\/li><li>Realizarse una autoexploraci\u00f3n mamaria mensualmente a partir de los 20 a\u00f1os.<\/li><li>Realizarse una mamograf\u00eda cada dos a\u00f1os a partir de los 40; o a partir de los 34 en caso de tener antecedentes familiares. A partir de los 50 a\u00f1os, las mamograf\u00edas deber\u00edan realizarse anualmente.<\/li><\/ul>\t\t\t\t\t\t\t\t<\/div>\n\t\t\t\t<\/div>\n\t\t\t\t\t<\/div>\n\t\t<\/div>\n\t\t\t\t\t<\/div>\n\t\t<\/section>\n\t\t\t\t<section class=\"elementor-section elementor-top-section elementor-element elementor-element-cab800a elementor-section-boxed elementor-section-height-default elementor-section-height-default\" data-id=\"cab800a\" data-element_type=\"section\">\n\t\t\t\t\t\t<div class=\"elementor-container elementor-column-gap-default\">\n\t\t\t\t\t<div class=\"elementor-column elementor-col-100 elementor-top-column elementor-element elementor-element-5e496a5\" data-id=\"5e496a5\" data-element_type=\"column\">\n\t\t\t<div class=\"elementor-widget-wrap elementor-element-populated\">\n\t\t\t\t\t\t<div class=\"elementor-element elementor-element-8bc3d42 elementor-widget elementor-widget-text-editor\" data-id=\"8bc3d42\" data-element_type=\"widget\" data-widget_type=\"text-editor.default\">\n\t\t\t\t<div class=\"elementor-widget-container\">\n\t\t\t\t\t\t\t\t\t<p><a href=\"https:\/\/www.grupoyllera.com\/aviso-legal\/\">Aviso legal<\/a><\/p>\t\t\t\t\t\t\t\t<\/div>\n\t\t\t\t<\/div>\n\t\t\t\t\t<\/div>\n\t\t<\/div>\n\t\t\t\t\t<\/div>\n\t\t<\/section>\n\t\t\t\t<\/div>\n\t\t","protected":false},"excerpt":{"rendered":"<p>Yllera 5punto5 contra el c\u00e1ncer Yllera 5punto5 contra el c\u00e1ncer Yllera 5punto5 contra el c\u00e1ncer Anterior Siguiente Yllera 5.5 Contra el C\u00e1ncer de Mama En Yllera Bodegas &amp; Vi\u00f1edos nos implicamos en el fomento de h\u00e1bitos de vida saludables entre los consumidores. Por tercer a\u00f1o consecutivo, lanzamos nuestra campa\u00f1a Yllera Contra el C\u00e1ncer dedicada a [&hellip;]<\/p>\n","protected":false},"author":1,"featured_media":0,"parent":0,"menu_order":0,"comment_status":"closed","ping_status":"closed","template":"elementor_canvas","meta":{"footnotes":""},"class_list":["post-37","page","type-page","status-publish","hentry"],"_links":{"self":[{"href":"https:\/\/yllera5punto5contraelcancer.grupoyllera.com\/index.php\/wp-json\/wp\/v2\/pages\/37","targetHints":{"allow":["GET"]}}],"collection":[{"href":"https:\/\/yllera5punto5contraelcancer.grupoyllera.com\/index.php\/wp-json\/wp\/v2\/pages"}],"about":[{"href":"https:\/\/yllera5punto5contraelcancer.grupoyllera.com\/index.php\/wp-json\/wp\/v2\/types\/page"}],"author":[{"embeddable":true,"href":"https:\/\/yllera5punto5contraelcancer.grupoyllera.com\/index.php\/wp-json\/wp\/v2\/users\/1"}],"replies":[{"embeddable":true,"href":"https:\/\/yllera5punto5contraelcancer.grupoyllera.com\/index.php\/wp-json\/wp\/v2\/comments?post=37"}],"version-history":[{"count":119,"href":"https:\/\/yllera5punto5contraelcancer.grupoyllera.com\/index.php\/wp-json\/wp\/v2\/pages\/37\/revisions"}],"predecessor-version":[{"id":187,"href":"https:\/\/yllera5punto5contraelcancer.grupoyllera.com\/index.php\/wp-json\/wp\/v2\/pages\/37\/revisions\/187"}],"wp:attachment":[{"href":"https:\/\/yllera5punto5contraelcancer.grupoyllera.com\/index.php\/wp-json\/wp\/v2\/media?parent=37"}],"curies":[{"name":"wp","href":"https:\/\/api.w.org\/{rel}","templated":true}]}}